{"id":18027660,"date":"2022-10-13T16:13:59","date_gmt":"2022-10-13T16:13:59","guid":{"rendered":"https:\/\/demogency.com\/?page_id=18027660"},"modified":"2022-11-08T21:18:50","modified_gmt":"2022-11-08T21:18:50","slug":"datenschutz","status":"publish","type":"page","link":"https:\/\/demogency.com\/en\/datenschutz\/","title":{"rendered":"Data-Protection"},"content":{"rendered":"<p>[et_pb_section fb_built=&#187;1&#8243; admin_label=&#187;section&#187; _builder_version=&#187;4.16&#8243; global_colors_info=&#187;{}&#187;][et_pb_row admin_label=&#187;row&#187; _builder_version=&#187;4.16&#8243; background_size=&#187;initial&#187; background_position=&#187;top_left&#187; background_repeat=&#187;repeat&#187; global_colors_info=&#187;{}&#187;][et_pb_column type=&#187;4_4&#8243; _builder_version=&#187;4.16&#8243; custom_padding=&#187;|||&#187; global_colors_info=&#187;{}&#187; custom_padding__hover=&#187;|||&#187;][et_pb_text admin_label=&#187;Text&#187; _builder_version=&#187;4.18.0&#8243; background_size=&#187;initial&#187; background_position=&#187;top_left&#187; background_repeat=&#187;repeat&#187; global_colors_info=&#187;{}&#187;]<\/p>\n<h1>Datenschutzerkl\u00e4rung<\/h1>\n<p>Bei demogency.com, erreichbar \u00fcber demogency.com, ist eine unserer Hauptpriorit\u00e4ten der Schutz der Privatsph\u00e4re unserer Besucher. Diese Datenschutzrichtlinie enth\u00e4lt die Arten von Informationen, die von demogency.com gesammelt und aufgezeichnet werden, und wie wir sie verwenden.<\/p>\n<p>Wenn Sie weitere Fragen haben oder mehr Informationen \u00fcber unsere Datenschutzrichtlinie ben\u00f6tigen, z\u00f6gern Sie nicht, uns zu kontaktieren.<\/p>\n<p>Diese Datenschutzrichtlinie gilt nur f\u00fcr unsere Online-Aktivit\u00e4ten und f\u00fcr die Besucher unserer Website in Bezug auf die Informationen, die sie auf demogency.com teilen und\/oder sammeln. Diese Richtlinie gilt nicht f\u00fcr Informationen, die offline oder \u00fcber andere Kan\u00e4le als diese Website gesammelt werden. Unsere Datenschutzrichtlinie wurde mit Hilfe des Free Privacy Policy Generator erstellt.<\/p>\n<p><strong>Einverst\u00e4ndnis<\/strong><\/p>\n<p>Durch die Nutzung unserer Website erkl\u00e4ren Sie sich mit unserer Datenschutzrichtlinie einverstanden und stimmen deren Bedingungen zu.<\/p>\n<p><strong>Informationen, die wir sammeln<\/strong><\/p>\n<p>Die pers\u00f6nlichen Daten, um die Sie gebeten werden, und die Gr\u00fcnde, warum Sie um diese Daten gebeten werden, werden Ihnen an dem Punkt mitgeteilt, an dem wir Sie um die Angabe Ihrer pers\u00f6nlichen Daten bitten.<\/p>\n<p>Wenn Sie sich direkt mit uns in Verbindung setzen, k\u00f6nnen wir zus\u00e4tzliche Informationen \u00fcber Sie erhalten, wie z. B. Ihren Namen, Ihre E-Mail-Adresse, Ihre Telefonnummer, den Inhalt der Nachricht und\/oder Anh\u00e4nge, die Sie uns senden, und andere Informationen, die Sie uns zur Verf\u00fcgung stellen m\u00f6chten.<\/p>\n<p>Wenn Sie sich f\u00fcr ein Konto registrieren, fragen wir Sie m\u00f6glicherweise nach Ihren Kontaktinformationen, wie z. B. Name, Firmenname, Adresse, E-Mail-Adresse und Telefonnummer.<\/p>\n<p><strong>Wie wir Ihre Informationen verwenden<\/strong><\/p>\n<p>Wir verwenden die von uns gesammelten Informationen auf verschiedene Weise, unter anderem um:<\/p>\n<p>&#8211; Bereitstellung, Betrieb und Wartung unserer Website<\/p>\n<p>&#8211; um unsere Website zu verbessern, zu personalisieren und zu erweitern<\/p>\n<p>&#8211; zu verstehen und zu analysieren, wie Sie unsere Website nutzen<\/p>\n<p>&#8211; Entwicklung neuer Produkte, Dienstleistungen, Merkmale und Funktionen<\/p>\n<p>&#8211; mit Ihnen zu kommunizieren, entweder direkt oder \u00fcber einen unserer Partner, z. B. f\u00fcr den Kundendienst, um Ihnen Aktualisierungen und andere Informationen in Bezug auf die Website zukommen zu lassen, sowie f\u00fcr Marketing- und Werbezwecke<\/p>\n<p>&#8211; Ihnen E-Mails zu senden<\/p>\n<p>&#8211; um Betrug zu erkennen und zu verhindern<\/p>\n<p><strong>Log-Dateien<\/strong><\/p>\n<p>demogency.com verwendet standardm\u00e4\u00dfig Protokolldateien. Diese Dateien protokollieren den Besuch von Websites. Alle Hosting-Unternehmen tun dies, und es ist Teil der Analyse der Hosting-Dienste. Zu den von den Logdateien gesammelten Informationen geh\u00f6ren Internetprotokolladressen (IP), Browsertyp, Internet Service Provider (ISP), Datums- und Zeitstempel, verweisende\/verlassende Seiten und m\u00f6glicherweise die Anzahl der Klicks. Diese Daten werden nicht mit Informationen verkn\u00fcpft, die eine pers\u00f6nliche Identifizierung erm\u00f6glichen. Der Zweck dieser Informationen ist die Analyse von Trends, die Verwaltung der Website, die Verfolgung der Bewegungen der Benutzer auf der Website und die Erfassung demografischer Informationen.<\/p>\n<p><strong>Cookies und Web Beacons<\/strong><\/p>\n<p>Wie jede andere Website auch, verwendet demogency.com &#171;Cookies&#187;. Diese Cookies werden verwendet, um Informationen zu speichern, einschlie\u00dflich der Pr\u00e4ferenzen der Besucher und der Seiten auf der Website, die der Besucher aufgerufen oder besucht hat. Die Informationen werden verwendet, um die Benutzererfahrung zu optimieren, indem wir den Inhalt unserer Webseiten auf der Grundlage des Browsertyps der Besucher und\/oder anderer Informationen anpassen.<\/p>\n<p><strong>Datenschutzrichtlinien der Werbepartner<\/strong><\/p>\n<p>Sie k\u00f6nnen diese Liste konsultieren, um die Datenschutzrichtlinien f\u00fcr jeden der Werbepartner von demogency.com zu finden.<\/p>\n<p>Werbeserver oder Werbenetzwerke von Drittanbietern verwenden Technologien wie Cookies, JavaScript oder Web Beacons, die in ihren jeweiligen Werbeanzeigen und Links, die auf demogency.com erscheinen, verwendet werden und direkt an den Browser der Nutzer gesendet werden. Dabei erhalten sie automatisch Ihre IP-Adresse. Diese Technologien werden verwendet, um die Effektivit\u00e4t ihrer Werbekampagnen zu messen und\/oder um die Werbeinhalte, die Sie auf den von Ihnen besuchten Websites sehen, zu personalisieren.<\/p>\n<p>Beachten Sie, dass demogency.com keinen Zugang zu oder Kontrolle \u00fcber diese Cookies hat, die von Drittanbietern verwendet werden.<\/p>\n<p><strong>Datenschutzrichtlinien von Drittanbietern<\/strong><\/p>\n<p>Die Datenschutzrichtlinie von demogency.com gilt nicht f\u00fcr andere Werbetreibende oder Websites. Wir raten Ihnen daher, die jeweiligen Datenschutzrichtlinien dieser Werbeserver Dritter zu konsultieren, um genauere Informationen zu erhalten. Diese k\u00f6nnen deren Praktiken und Anweisungen dar\u00fcber enthalten, wie Sie bestimmte Optionen deaktivieren k\u00f6nnen.<\/p>\n<p>Sie k\u00f6nnen Cookies \u00fcber Ihre individuellen Browseroptionen deaktivieren. Ausf\u00fchrlichere Informationen \u00fcber die Verwaltung von Cookies mit bestimmten Webbrowsern finden Sie auf den jeweiligen Websites der Browser.<\/p>\n<p><strong>CCPA-Datenschutzrechte (Verkaufen Sie meine pers\u00f6nlichen Daten nicht)<\/strong><\/p>\n<p>Nach dem CCPA haben kalifornische Verbraucher neben anderen Rechten das Recht,:<\/p>\n<p>zu verlangen, dass ein Unternehmen, das personenbezogene Daten eines Verbrauchers sammelt, die Kategorien und spezifischen Teile der personenbezogenen Daten offenlegt, die das Unternehmen \u00fcber den Verbraucher gesammelt hat.<\/p>\n<p>von einem Unternehmen die L\u00f6schung aller personenbezogenen Daten zu verlangen, die das Unternehmen \u00fcber den Verbraucher gesammelt hat.<\/p>\n<p>Verlangen, dass ein Unternehmen, das personenbezogene Daten eines Verbrauchers verkauft, die personenbezogenen Daten des Verbrauchers nicht verkauft.<\/p>\n<p>Wenn Sie einen Antrag stellen, haben wir einen Monat Zeit, Ihnen zu antworten. Wenn Sie eines dieser Rechte aus\u00fcben m\u00f6chten, setzen Sie sich bitte mit uns in Verbindung.<\/p>\n<p><strong>GDPR-Datenschutzrechte<\/strong><\/p>\n<p>Wir m\u00f6chten sicherstellen, dass Sie \u00fcber alle Ihre Datenschutzrechte informiert sind. Jeder Nutzer hat das Recht auf Folgendes:<\/p>\n<p>Das Recht auf Zugang &#8211; Sie haben das Recht, Kopien Ihrer personenbezogenen Daten anzufordern. F\u00fcr diesen Service k\u00f6nnen wir eine geringe Geb\u00fchr verlangen.<\/p>\n<p>Das Recht auf Berichtigung &#8211; Sie haben das Recht, von uns die Berichtigung von Daten zu verlangen, die Sie f\u00fcr unrichtig halten. Sie haben auch das Recht zu verlangen, dass wir die Informationen vervollst\u00e4ndigen, die Sie f\u00fcr unvollst\u00e4ndig halten.<\/p>\n<p>Das Recht auf L\u00f6schung &#8211; Sie haben das Recht, unter bestimmten Bedingungen die L\u00f6schung Ihrer personenbezogenen Daten zu verlangen.<\/p>\n<p>Recht auf Einschr\u00e4nkung der Verarbeitung &#8211; Sie haben das Recht zu verlangen, dass wir die Verarbeitung Ihrer personenbezogenen Daten unter bestimmten Bedingungen einschr\u00e4nken.<\/p>\n<p>Recht auf Widerspruch gegen die Verarbeitung &#8211; Sie haben das Recht, unter bestimmten Bedingungen Widerspruch gegen die Verarbeitung Ihrer personenbezogenen Daten durch uns einzulegen.<\/p>\n<p>Das Recht auf Daten\u00fcbertragbarkeit &#8211; Sie haben das Recht, unter bestimmten Bedingungen zu verlangen, dass wir die von uns erfassten Daten an eine andere Organisation oder direkt an Sie weitergeben.<\/p>\n<p>Wenn Sie einen Antrag stellen, haben wir einen Monat Zeit, um Ihnen zu antworten. Wenn Sie eines dieser Rechte aus\u00fcben m\u00f6chten, setzen Sie sich bitte mit uns in Verbindung.<\/p>\n<p><strong>Informationen f\u00fcr Kinder<\/strong><\/p>\n<p>Ein weiterer Teil unserer Priorit\u00e4t ist der Schutz von Kindern bei der Nutzung des Internets. Wir ermutigen Eltern und Erziehungsberechtigte, ihre Online-Aktivit\u00e4ten zu beobachten, sich daran zu beteiligen und\/oder sie zu \u00fcberwachen und zu leiten.<\/p>\n<p>demogency.com sammelt wissentlich keine pers\u00f6nlichen Daten von Kindern unter 13 Jahren. Wenn Sie glauben, dass Ihr Kind diese Art von Daten auf unserer Website angegeben hat, bitten wir Sie dringend, uns sofort zu kontaktieren, damit wir uns bem\u00fchen k\u00f6nnen, diese Daten umgehend aus unseren Unterlagen zu entfernen.<\/p>\n<p>[\/et_pb_text][\/et_pb_column][\/et_pb_row][\/et_pb_section]<\/p>","protected":false},"excerpt":{"rendered":"<p>Datenschutzerkl\u00e4rung Bei demogency.com, erreichbar \u00fcber demogency.com, ist eine unserer Hauptpriorit\u00e4ten der Schutz der Privatsph\u00e4re unserer Besucher. Diese Datenschutzrichtlinie enth\u00e4lt die Arten von Informationen, die von demogency.com gesammelt und aufgezeichnet werden, und wie wir sie verwenden. Wenn Sie weitere Fragen haben oder mehr Informationen \u00fcber unsere Datenschutzrichtlinie ben\u00f6tigen, z\u00f6gern Sie nicht, uns zu kontaktieren. Diese Datenschutzrichtlinie [&hellip;]<\/p>","protected":false},"author":1,"featured_media":0,"parent":0,"menu_order":0,"comment_status":"closed","ping_status":"closed","template":"","meta":{"_acf_changed":false,"_et_pb_use_builder":"on","_et_pb_old_content":"<h1><strong>Datenschutzerkl\u00e4rung f\u00fcr demogency<\/strong><\/h1>\r\nBei demogency.com, erreichbar \u00fcber demogency.com, ist eine unserer Hauptpriorit\u00e4ten der Schutz der Privatsph\u00e4re unserer Besucher. Diese Datenschutzrichtlinie enth\u00e4lt die Arten von Informationen, die von demogency.com gesammelt und aufgezeichnet werden, und wie wir sie verwenden.\r\n\r\nWenn Sie weitere Fragen haben oder mehr Informationen \u00fcber unsere Datenschutzrichtlinie ben\u00f6tigen, z\u00f6gern Sie nicht, uns zu kontaktieren.\r\n\r\nDiese Datenschutzrichtlinie gilt nur f\u00fcr unsere Online-Aktivit\u00e4ten und f\u00fcr die Besucher unserer Website in Bezug auf die Informationen, die sie auf demogency.com teilen und\/oder sammeln. Diese Richtlinie gilt nicht f\u00fcr Informationen, die offline oder \u00fcber andere Kan\u00e4le als diese Website gesammelt werden. Unsere Datenschutzrichtlinie wurde mit Hilfe des Free Privacy Policy Generator erstellt.\r\n\r\n<strong>Einverst\u00e4ndnis<\/strong>\r\n\r\nDurch die Nutzung unserer Website erkl\u00e4ren Sie sich mit unserer Datenschutzrichtlinie einverstanden und stimmen deren Bedingungen zu.\r\n\r\n<strong>Informationen, die wir sammeln<\/strong>\r\n\r\nDie pers\u00f6nlichen Daten, um die Sie gebeten werden, und die Gr\u00fcnde, warum Sie um diese Daten gebeten werden, werden Ihnen an dem Punkt mitgeteilt, an dem wir Sie um die Angabe Ihrer pers\u00f6nlichen Daten bitten.\r\n\r\nWenn Sie sich direkt mit uns in Verbindung setzen, k\u00f6nnen wir zus\u00e4tzliche Informationen \u00fcber Sie erhalten, wie z. B. Ihren Namen, Ihre E-Mail-Adresse, Ihre Telefonnummer, den Inhalt der Nachricht und\/oder Anh\u00e4nge, die Sie uns senden, und andere Informationen, die Sie uns zur Verf\u00fcgung stellen m\u00f6chten.\r\n\r\nWenn Sie sich f\u00fcr ein Konto registrieren, fragen wir Sie m\u00f6glicherweise nach Ihren Kontaktinformationen, wie z. B. Name, Firmenname, Adresse, E-Mail-Adresse und Telefonnummer.\r\n\r\n<strong>Wie wir Ihre Informationen verwenden<\/strong>\r\n\r\nWir verwenden die von uns gesammelten Informationen auf verschiedene Weise, unter anderem um:\r\n\r\n- Bereitstellung, Betrieb und Wartung unserer Website\r\n\r\n- um unsere Website zu verbessern, zu personalisieren und zu erweitern\r\n\r\n- zu verstehen und zu analysieren, wie Sie unsere Website nutzen\r\n\r\n- Entwicklung neuer Produkte, Dienstleistungen, Merkmale und Funktionen\r\n\r\n- mit Ihnen zu kommunizieren, entweder direkt oder \u00fcber einen unserer Partner, z. B. f\u00fcr den Kundendienst, um Ihnen Aktualisierungen und andere Informationen in Bezug auf die Website zukommen zu lassen, sowie f\u00fcr Marketing- und Werbezwecke\r\n\r\n- Ihnen E-Mails zu senden\r\n\r\n- um Betrug zu erkennen und zu verhindern\r\n\r\n<strong>Log-Dateien<\/strong>\r\n\r\ndemogency.com verwendet standardm\u00e4\u00dfig Protokolldateien. Diese Dateien protokollieren den Besuch von Websites. Alle Hosting-Unternehmen tun dies, und es ist Teil der Analyse der Hosting-Dienste. Zu den von den Logdateien gesammelten Informationen geh\u00f6ren Internetprotokolladressen (IP), Browsertyp, Internet Service Provider (ISP), Datums- und Zeitstempel, verweisende\/verlassende Seiten und m\u00f6glicherweise die Anzahl der Klicks. Diese Daten werden nicht mit Informationen verkn\u00fcpft, die eine pers\u00f6nliche Identifizierung erm\u00f6glichen. Der Zweck dieser Informationen ist die Analyse von Trends, die Verwaltung der Website, die Verfolgung der Bewegungen der Benutzer auf der Website und die Erfassung demografischer Informationen.\r\n\r\n<strong>Cookies und Web Beacons<\/strong>\r\n\r\nWie jede andere Website auch, verwendet demogency.com \"Cookies\". Diese Cookies werden verwendet, um Informationen zu speichern, einschlie\u00dflich der Pr\u00e4ferenzen der Besucher und der Seiten auf der Website, die der Besucher aufgerufen oder besucht hat. Die Informationen werden verwendet, um die Benutzererfahrung zu optimieren, indem wir den Inhalt unserer Webseiten auf der Grundlage des Browsertyps der Besucher und\/oder anderer Informationen anpassen.\r\n\r\n<strong>Datenschutzrichtlinien der Werbepartner<\/strong>\r\n\r\nSie k\u00f6nnen diese Liste konsultieren, um die Datenschutzrichtlinien f\u00fcr jeden der Werbepartner von demogency.com zu finden.\r\n\r\nWerbeserver oder Werbenetzwerke von Drittanbietern verwenden Technologien wie Cookies, JavaScript oder Web Beacons, die in ihren jeweiligen Werbeanzeigen und Links, die auf demogency.com erscheinen, verwendet werden und direkt an den Browser der Nutzer gesendet werden. Dabei erhalten sie automatisch Ihre IP-Adresse. Diese Technologien werden verwendet, um die Effektivit\u00e4t ihrer Werbekampagnen zu messen und\/oder um die Werbeinhalte, die Sie auf den von Ihnen besuchten Websites sehen, zu personalisieren.\r\n\r\nBeachten Sie, dass demogency.com keinen Zugang zu oder Kontrolle \u00fcber diese Cookies hat, die von Drittanbietern verwendet werden.\r\n\r\n<strong>Datenschutzrichtlinien von Drittanbietern<\/strong>\r\n\r\nDie Datenschutzrichtlinie von demogency.com gilt nicht f\u00fcr andere Werbetreibende oder Websites. Wir raten Ihnen daher, die jeweiligen Datenschutzrichtlinien dieser Werbeserver Dritter zu konsultieren, um genauere Informationen zu erhalten. Diese k\u00f6nnen deren Praktiken und Anweisungen dar\u00fcber enthalten, wie Sie bestimmte Optionen deaktivieren k\u00f6nnen.\r\n\r\nSie k\u00f6nnen Cookies \u00fcber Ihre individuellen Browseroptionen deaktivieren. Ausf\u00fchrlichere Informationen \u00fcber die Verwaltung von Cookies mit bestimmten Webbrowsern finden Sie auf den jeweiligen Websites der Browser.\r\n\r\n<strong>CCPA-Datenschutzrechte (Verkaufen Sie meine pers\u00f6nlichen Daten nicht)<\/strong>\r\n\r\nNach dem CCPA haben kalifornische Verbraucher neben anderen Rechten das Recht,:\r\n\r\nzu verlangen, dass ein Unternehmen, das personenbezogene Daten eines Verbrauchers sammelt, die Kategorien und spezifischen Teile der personenbezogenen Daten offenlegt, die das Unternehmen \u00fcber den Verbraucher gesammelt hat.\r\n\r\nvon einem Unternehmen die L\u00f6schung aller personenbezogenen Daten zu verlangen, die das Unternehmen \u00fcber den Verbraucher gesammelt hat.\r\n\r\nVerlangen, dass ein Unternehmen, das personenbezogene Daten eines Verbrauchers verkauft, die personenbezogenen Daten des Verbrauchers nicht verkauft.\r\n\r\nWenn Sie einen Antrag stellen, haben wir einen Monat Zeit, Ihnen zu antworten. Wenn Sie eines dieser Rechte aus\u00fcben m\u00f6chten, setzen Sie sich bitte mit uns in Verbindung.\r\n\r\n<strong>GDPR-Datenschutzrechte<\/strong>\r\n\r\nWir m\u00f6chten sicherstellen, dass Sie \u00fcber alle Ihre Datenschutzrechte informiert sind. Jeder Nutzer hat das Recht auf Folgendes:\r\n\r\nDas Recht auf Zugang - Sie haben das Recht, Kopien Ihrer personenbezogenen Daten anzufordern. F\u00fcr diesen Service k\u00f6nnen wir eine geringe Geb\u00fchr verlangen.\r\n\r\nDas Recht auf Berichtigung - Sie haben das Recht, von uns die Berichtigung von Daten zu verlangen, die Sie f\u00fcr unrichtig halten. Sie haben auch das Recht zu verlangen, dass wir die Informationen vervollst\u00e4ndigen, die Sie f\u00fcr unvollst\u00e4ndig halten.\r\n\r\nDas Recht auf L\u00f6schung - Sie haben das Recht, unter bestimmten Bedingungen die L\u00f6schung Ihrer personenbezogenen Daten zu verlangen.\r\n\r\nRecht auf Einschr\u00e4nkung der Verarbeitung - Sie haben das Recht zu verlangen, dass wir die Verarbeitung Ihrer personenbezogenen Daten unter bestimmten Bedingungen einschr\u00e4nken.\r\n\r\nRecht auf Widerspruch gegen die Verarbeitung - Sie haben das Recht, unter bestimmten Bedingungen Widerspruch gegen die Verarbeitung Ihrer personenbezogenen Daten durch uns einzulegen.\r\n\r\nDas Recht auf Daten\u00fcbertragbarkeit - Sie haben das Recht, unter bestimmten Bedingungen zu verlangen, dass wir die von uns erfassten Daten an eine andere Organisation oder direkt an Sie weitergeben.\r\n\r\nWenn Sie einen Antrag stellen, haben wir einen Monat Zeit, um Ihnen zu antworten. Wenn Sie eines dieser Rechte aus\u00fcben m\u00f6chten, setzen Sie sich bitte mit uns in Verbindung.\r\n\r\n<strong>Informationen f\u00fcr Kinder<\/strong>\r\n\r\nEin weiterer Teil unserer Priorit\u00e4t ist der Schutz von Kindern bei der Nutzung des Internets. Wir ermutigen Eltern und Erziehungsberechtigte, ihre Online-Aktivit\u00e4ten zu beobachten, sich daran zu beteiligen und\/oder sie zu \u00fcberwachen und zu leiten.\r\n\r\ndemogency.com sammelt wissentlich keine pers\u00f6nlichen Daten von Kindern unter 13 Jahren. Wenn Sie glauben, dass Ihr Kind diese Art von Daten auf unserer Website angegeben hat, bitten wir Sie dringend, uns sofort zu kontaktieren, damit wir uns bem\u00fchen k\u00f6nnen, diese Daten umgehend aus unseren Unterlagen zu entfernen.","_et_gb_content_width":"","two_page_speed":[],"footnotes":""},"dipi_cpt_category":[],"class_list":["post-18027660","page","type-page","status-publish","hentry"],"acf":[],"aioseo_notices":[],"_links":{"self":[{"href":"https:\/\/demogency.com\/en\/wp-json\/wp\/v2\/pages\/18027660","targetHints":{"allow":["GET"]}}],"collection":[{"href":"https:\/\/demogency.com\/en\/wp-json\/wp\/v2\/pages"}],"about":[{"href":"https:\/\/demogency.com\/en\/wp-json\/wp\/v2\/types\/page"}],"author":[{"embeddable":true,"href":"https:\/\/demogency.com\/en\/wp-json\/wp\/v2\/users\/1"}],"replies":[{"embeddable":true,"href":"https:\/\/demogency.com\/en\/wp-json\/wp\/v2\/comments?post=18027660"}],"version-history":[{"count":6,"href":"https:\/\/demogency.com\/en\/wp-json\/wp\/v2\/pages\/18027660\/revisions"}],"predecessor-version":[{"id":18027869,"href":"https:\/\/demogency.com\/en\/wp-json\/wp\/v2\/pages\/18027660\/revisions\/18027869"}],"wp:attachment":[{"href":"https:\/\/demogency.com\/en\/wp-json\/wp\/v2\/media?parent=18027660"}],"wp:term":[{"taxonomy":"dipi_cpt_category","embeddable":true,"href":"https:\/\/demogency.com\/en\/wp-json\/wp\/v2\/dipi_cpt_category?post=18027660"}],"curies":[{"name":"wp","href":"https:\/\/api.w.org\/{rel}","templated":true}]}}