{"id":18027541,"date":"2022-10-04T19:56:34","date_gmt":"2022-10-04T19:56:34","guid":{"rendered":"https:\/\/demogency.com\/?page_id=18027541"},"modified":"2022-12-24T17:09:17","modified_gmt":"2022-12-24T17:09:17","slug":"virtuelle-assistenz","status":"publish","type":"page","link":"https:\/\/demogency.com\/en\/virtuelle-assistenz\/","title":{"rendered":"Virtual Assistance"},"content":{"rendered":"<p>[et_pb_section fb_built=&#187;1&#8243; admin_label=&#187;Header&#187; _builder_version=&#187;4.18.0&#8243; background_color=&#187;#f1f1f1&#8243; use_background_color_gradient=&#187;on&#187; background_color_gradient_direction=&#187;90deg&#187; background_color_gradient_stops=&#187;#f7f7f7 66%|#ffffff 66%&#187; background_color_gradient_start=&#187;#f7f7f7&#8243; background_color_gradient_start_position=&#187;66%&#187; background_color_gradient_end=&#187;#ffffff&#187; background_color_gradient_end_position=&#187;0%&#187; custom_margin=&#187;||0px|||&#187; custom_padding=&#187;||19px|||&#187; background_last_edited=&#187;on|tablet&#187; use_background_color_gradient_tablet=&#187;on&#187; background_color_gradient_stops_tablet=&#187;#f7f7f7 100%|#ffffff 100%&#187; background_color_gradient_start_position_tablet=&#187;100%&#187; box_shadow_style=&#187;preset2&#8243; box_shadow_color=&#187;rgba(0,0,0,0.2)&#187; global_colors_info=&#187;{}&#187;][et_pb_row column_structure=&#187;1_2,1_2&#8243; custom_padding_last_edited=&#187;on|phone&#187; padding_left_right_link_1=&#187;false&#187; _builder_version=&#187;4.16&#8243; background_image=&#187;http:\/\/demogency.com\/wp-content\/uploads\/2022\/10\/green-energy-20.png&#187; background_size=&#187;initial&#187; background_position=&#187;top_left&#187; custom_padding=&#187;|||20px&#187; custom_padding_tablet=&#187;&#187; custom_padding_phone=&#187;|||0px&#187; global_colors_info=&#187;{}&#187;][et_pb_column type=&#187;1_2&#8243; _builder_version=&#187;4.16&#8243; background_repeat=&#187;repeat&#187; custom_padding=&#187;|20px||&#187; custom_padding_tablet=&#187;|0px||&#187; custom_padding_phone=&#187;|0px||&#187; custom_padding_last_edited=&#187;on|tablet&#187; global_colors_info=&#187;{}&#187; custom_padding__hover=&#187;|||&#187;][et_pb_text _builder_version=&#187;4.19.1&#8243; text_font=&#187;||||||||&#187; text_font_size=&#187;20px&#187; text_line_height=&#187;1.8em&#187; header_font=&#187;Nexa regular|700|||||||&#187; header_text_color=&#187;gcid-2927b353-b69b-42ef-a014-fa48faac3e34&#8243; header_font_size=&#187;50px&#187; header_line_height=&#187;1.3em&#187; custom_margin=&#187;||8px|||&#187; text_font_size_tablet=&#187;&#187; text_font_size_phone=&#187;14px&#187; text_font_size_last_edited=&#187;on|desktop&#187; header_font_size_tablet=&#187;50px&#187; header_font_size_phone=&#187;30px&#187; header_font_size_last_edited=&#187;on|phone&#187; global_colors_info=&#187;{%22gcid-2927b353-b69b-42ef-a014-fa48faac3e34%22:%91%22header_text_color%22%93}&#187;]<\/p>\n<h1>Your Virtual Assistant<\/h1>\n<p>Do you need virtual assistance? A virtual assistant can be your right hand, helping out wherever needed and taking over time-consuming tasks.<\/p>\n<p>[\/et_pb_text][et_pb_image src=&#187;https:\/\/demogency.com\/wp-content\/uploads\/2022\/11\/pexels-mart-production-7709287-2-1.webp&#187; title_text=&#187;pexels-mart-production-7709287 (2) (1)&#187; _builder_version=&#187;4.19.1&#8243; _module_preset=&#187;default&#187; hover_enabled=&#187;0&#8243; border_radii=&#187;on|20px|20px|20px|20px&#187; box_shadow_style=&#187;preset2&#8243; global_colors_info=&#187;{}&#187; custom_padding=&#187;5px|||||&#187; disabled_on=&#187;off|on|on&#187; sticky_enabled=&#187;0&#8243;][\/et_pb_image][et_pb_button button_url=&#187;https:\/\/demogency.com\/kontakt\/&#187; button_text=&#187;Angebot anfordern&#187; _builder_version=&#187;4.19.1&#8243; custom_button=&#187;on&#187; button_text_size=&#187;14px&#187; button_text_color=&#187;#000000&#8243; button_bg_color=&#187;gcid-9902ada2-39d8-4e2f-be73-604b5b7f1513&#8243; button_border_color=&#187;rgba(0,0,0,0)&#187; button_border_radius=&#187;100px&#187; button_letter_spacing=&#187;2px&#187; button_font=&#187;Raleway|700||on|||||&#187; button_icon=&#187;&#x24;||divi||400&#8243; custom_padding=&#187;15px|40px|15px|40px|true|true&#187; hover_enabled=&#187;0&#8243; locked=&#187;off&#187; global_colors_info=&#187;{%22gcid-9902ada2-39d8-4e2f-be73-604b5b7f1513%22:%91%22button_bg_color%22%93}&#187; custom_padding_last_edited=&#187;on|phone&#187; custom_padding_phone=&#187;15px|29px|15px|29px|true|true&#187; sticky_enabled=&#187;0&#8243; custom_padding_tablet=&#187;15px|40px|15px|40px|true|true&#187;][\/et_pb_button][\/et_pb_column][et_pb_column type=&#187;1_2&#8243; _builder_version=&#187;4.16&#8243; custom_padding=&#187;|||&#187; global_colors_info=&#187;{}&#187; custom_padding__hover=&#187;|||&#187;][et_pb_image src=&#187;https:\/\/demogency.com\/wp-content\/uploads\/2022\/11\/pexels-mart-production-7709287-2-1.webp&#187; title_text=&#187;pexels-mart-production-7709287 (2) (1)&#187; _builder_version=&#187;4.19.1&#8243; _module_preset=&#187;default&#187; hover_enabled=&#187;0&#8243; border_radii=&#187;on|20px|20px|20px|20px&#187; box_shadow_style=&#187;preset2&#8243; global_colors_info=&#187;{}&#187; disabled_on=&#187;on|off|off&#187; sticky_enabled=&#187;0&#8243;][\/et_pb_image][\/et_pb_column][\/et_pb_row][\/et_pb_section][et_pb_section fb_built=&#187;1&#8243; admin_label=&#187;Gallery&#187; _builder_version=&#187;4.18.0&#8243; background_image=&#187;http:\/\/demogency.com\/wp-content\/uploads\/2022\/10\/green-energy-25-1.png&#187; background_size=&#187;initial&#187; custom_margin=&#187;-3px||||false|false&#187; custom_padding=&#187;145px|||||&#187; background_last_edited=&#187;on|desktop&#187; background_position_tablet=&#187;top_center&#187; global_colors_info=&#187;{}&#187;][et_pb_row column_structure=&#187;3_5,2_5&#8243; _builder_version=&#187;4.19.1&#8243; background_color=&#187;gcid-6d4e698b-7888-4a6e-93be-afd111e300e7&#8243; max_width=&#187;100%&#187; custom_margin=&#187;26px|auto|||false|false&#187; custom_padding=&#187;30px|30px|30px|30px|true|true&#187; hover_enabled=&#187;0&#8243; border_radii=&#187;on|20px|20px|20px|20px&#187; box_shadow_style=&#187;preset2&#8243; global_colors_info=&#187;{%22gcid-6d4e698b-7888-4a6e-93be-afd111e300e7%22:%91%22background_color%22%93}&#187; custom_padding_last_edited=&#187;on|phone&#187; custom_padding_phone=&#187;|12px||12px|true|true&#187; sticky_enabled=&#187;0&#8243; custom_padding_tablet=&#187;30px|30px|30px|30px|true|true&#187;][et_pb_column type=&#187;3_5&#8243; _builder_version=&#187;4.16&#8243; custom_padding=&#187;|||&#187; global_colors_info=&#187;{}&#187; custom_padding__hover=&#187;|||&#187;][et_pb_text _builder_version=&#187;4.18.0&#8243; _module_preset=&#187;default&#187; header_2_font=&#187;Nexa regular|700|||||||&#187; header_2_text_color=&#187;#000000&#8243; header_2_font_size=&#187;60px&#187; header_2_line_height=&#187;1.1em&#187; background_enable_color=&#187;off&#187; header_2_font_size_tablet=&#187;40px&#187; header_2_font_size_phone=&#187;25px&#187; header_2_font_size_last_edited=&#187;on|phone&#187; locked=&#187;off&#187; global_colors_info=&#187;{}&#187;]<\/p>\n<h2>Virtual Assistance<\/h2>\n<p>[\/et_pb_text][et_pb_text _builder_version=&#187;4.19.1&#8243; text_font_size=&#187;16px&#187; text_line_height=&#187;1.8em&#187; header_font=&#187;||||||||&#187; header_2_font=&#187;||||||||&#187; custom_margin=&#187;||&#187; locked=&#187;off&#187; global_colors_info=&#187;{}&#187;]<\/p>\n<p>Virtual Assistant wanted? Then you've come to the right place at demogency.com. We offer virtual assistance for various areas such as online marketing, web development, data entry, management and appointment management. Depending on your skills and field of activity, we will make you an offer to be your right hand and make your life easier. Gain more time with demogency as your virtual assistant.<\/p>\n<p>[\/et_pb_text][et_pb_button button_url=&#187;https:\/\/demogency.com\/kontakt\/&#187; button_text=&#187;Angebot anfordern&#187; _builder_version=&#187;4.19.1&#8243; custom_button=&#187;on&#187; button_text_size=&#187;14px&#187; button_text_color=&#187;#000000&#8243; button_bg_color=&#187;gcid-9902ada2-39d8-4e2f-be73-604b5b7f1513&#8243; button_border_color=&#187;rgba(0,0,0,0)&#187; button_border_radius=&#187;100px&#187; button_letter_spacing=&#187;2px&#187; button_font=&#187;Raleway|700||on|||||&#187; button_icon=&#187;&#x24;||divi||400&#8243; custom_padding=&#187;15px|40px|15px|40px|true|true&#187; hover_enabled=&#187;0&#8243; locked=&#187;off&#187; global_colors_info=&#187;{%22gcid-9902ada2-39d8-4e2f-be73-604b5b7f1513%22:%91%22button_bg_color%22%93}&#187; custom_padding_last_edited=&#187;on|phone&#187; custom_padding_phone=&#187;15px|15px|15px|15px|true|true&#187; sticky_enabled=&#187;0&#8243; button_text_size_last_edited=&#187;on|phone&#187; button_text_size_phone=&#187;12px&#187; custom_padding_tablet=&#187;15px|40px|15px|40px|true|true&#187; button_text_size_tablet=&#187;14px&#187;][\/et_pb_button][\/et_pb_column][et_pb_column type=&#187;2_5&#8243; _builder_version=&#187;4.16&#8243; custom_padding=&#187;|||&#187; global_colors_info=&#187;{}&#187; custom_padding__hover=&#187;|||&#187;][et_pb_text _builder_version=&#187;4.19.1&#8243; _module_preset=&#187;default&#187; header_2_font=&#187;nexabold|700|||||||&#187; header_2_text_color=&#187;#000000&#8243; header_2_font_size=&#187;20px&#187; header_2_line_height=&#187;1.1em&#187; background_enable_color=&#187;off&#187; custom_margin=&#187;60px||22px|||&#187; hover_enabled=&#187;0&#8243; header_2_font_size_tablet=&#187;40px&#187; header_2_font_size_phone=&#187;21px&#187; header_2_font_size_last_edited=&#187;on|phone&#187; locked=&#187;off&#187; global_colors_info=&#187;{}&#187; sticky_enabled=&#187;0&#8243;]<\/p>\n<h2>Various virtual assistant roles<\/h2>\n<p>[\/et_pb_text][et_pb_text module_class=&#187;listcheck&#187; _builder_version=&#187;4.19.1&#8243; _module_preset=&#187;default&#187; text_font=&#187;|700|||||||&#187; text_font_size=&#187;24px&#187; hover_enabled=&#187;0&#8243; global_colors_info=&#187;{}&#187; text_font_size_last_edited=&#187;on|phone&#187; text_font_size_phone=&#187;18px&#187; sticky_enabled=&#187;0&#8243; text_font_size_tablet=&#187;24px&#187;]<\/p>\n<p><i class=\"fa-regular fa-square-check\"><\/i> Right Hand<\/p>\n<p><i class=\"fa-regular fa-square-check\"><\/i> Virtual Personal Assistant<\/p>\n<p><i class=\"fa-regular fa-square-check\"><\/i> Project Assistance<\/p>\n<p><i class=\"fa-regular fa-square-check\"><\/i> Online Marketing Assistent<\/p>\n<p>[\/et_pb_text][\/et_pb_column][\/et_pb_row][\/et_pb_section][et_pb_section fb_built=&#187;1&#8243; _builder_version=&#187;4.18.0&#8243; _module_preset=&#187;default&#187; background_image=&#187;http:\/\/demogency.com\/wp-content\/uploads\/2022\/10\/green-energy-22.png&#187; background_size=&#187;initial&#187; background_position=&#187;bottom_center&#187; background_repeat=&#187;repeat-x&#187; custom_padding=&#187;110px|||||&#187; global_colors_info=&#187;{}&#187;][et_pb_row _builder_version=&#187;4.18.0&#8243; _module_preset=&#187;default&#187; background_color=&#187;#ffffff&#187; box_shadow_style=&#187;preset1&#8243; box_shadow_vertical=&#187;38px&#187; box_shadow_blur=&#187;68px&#187; box_shadow_spread=&#187;-34px&#187; box_shadow_color=&#187;rgba(0,0,0,0.24)&#187; global_colors_info=&#187;{}&#187;][et_pb_column type=&#187;4_4&#8243; _builder_version=&#187;4.18.0&#8243; _module_preset=&#187;default&#187; global_colors_info=&#187;{}&#187;][et_pb_text _builder_version=&#187;4.18.0&#8243; _module_preset=&#187;default&#187; header_2_font=&#187;Nexa regular|700|||||||&#187; header_2_text_align=&#187;center&#187; header_2_text_color=&#187;#000000&#8243; header_2_font_size=&#187;60px&#187; header_2_line_height=&#187;1.1em&#187; background_enable_color=&#187;off&#187; header_2_font_size_tablet=&#187;40px&#187; header_2_font_size_phone=&#187;25px&#187; header_2_font_size_last_edited=&#187;on|phone&#187; locked=&#187;off&#187; global_colors_info=&#187;{}&#187;]<\/p>\n<h2>Virtual Assistant Skills<\/h2>\n<p>[\/et_pb_text][\/et_pb_column][\/et_pb_row][et_pb_row column_structure=&#187;1_4,1_4,1_4,1_4&#8243; custom_padding_last_edited=&#187;on|desktop&#187; _builder_version=&#187;4.18.0&#8243; background_color=&#187;#ffffff&#187; custom_margin=&#187;|||||false&#187; custom_padding=&#187;|48px|56px|48px||true&#187; custom_padding_tablet=&#187;&#187; custom_padding_phone=&#187;|30px||30px||true&#187; box_shadow_style=&#187;preset1&#8243; box_shadow_vertical=&#187;38px&#187; box_shadow_blur=&#187;60px&#187; box_shadow_spread=&#187;-34px&#187; box_shadow_color=&#187;rgba(0,0,0,0.24)&#187; global_colors_info=&#187;{}&#187;][et_pb_column type=&#187;1_4&#8243; _builder_version=&#187;4.16&#8243; custom_padding=&#187;|||&#187; global_colors_info=&#187;{}&#187; custom_padding__hover=&#187;|||&#187;][et_pb_blurb title=&#187;Google Recherche&#187; image=&#187;https:\/\/demogency.com\/wp-content\/uploads\/2022\/11\/google.png&#187; _builder_version=&#187;4.19.1&#8243; header_font=&#187;Bitter||||||||&#187; header_line_height=&#187;1.8em&#187; body_font=&#187;||||||||&#187; body_line_height=&#187;1.8em&#187; text_orientation=&#187;center&#187; body_font_size_tablet=&#187;&#187; body_font_size_phone=&#187;14px&#187; body_font_size_last_edited=&#187;on|desktop&#187; locked=&#187;off&#187; global_colors_info=&#187;{}&#187;][\/et_pb_blurb][\/et_pb_column][et_pb_column type=&#187;1_4&#8243; _builder_version=&#187;4.16&#8243; custom_padding=&#187;|||&#187; global_colors_info=&#187;{}&#187; custom_padding__hover=&#187;|||&#187;][et_pb_blurb title=&#187;Deutsche Sprache&#187; image=&#187;https:\/\/demogency.com\/wp-content\/uploads\/2022\/11\/conversation.png&#187; _builder_version=&#187;4.19.1&#8243; header_font=&#187;Bitter||||||||&#187; header_line_height=&#187;1.8em&#187; body_font=&#187;||||||||&#187; body_line_height=&#187;1.8em&#187; text_orientation=&#187;center&#187; body_font_size_tablet=&#187;&#187; body_font_size_phone=&#187;14px&#187; body_font_size_last_edited=&#187;on|desktop&#187; global_colors_info=&#187;{}&#187;][\/et_pb_blurb][\/et_pb_column][et_pb_column type=&#187;1_4&#8243; _builder_version=&#187;4.16&#8243; custom_padding=&#187;|||&#187; global_colors_info=&#187;{}&#187; custom_padding__hover=&#187;|||&#187;][et_pb_blurb title=&#187;Junior Graphic Designer&#187; image=&#187;https:\/\/demogency.com\/wp-content\/uploads\/2022\/11\/graphic-designer.png&#187; _builder_version=&#187;4.19.1&#8243; header_font=&#187;Bitter||||||||&#187; header_line_height=&#187;1.8em&#187; body_font=&#187;||||||||&#187; body_line_height=&#187;1.8em&#187; text_orientation=&#187;center&#187; body_font_size_tablet=&#187;&#187; body_font_size_phone=&#187;14px&#187; body_font_size_last_edited=&#187;on|desktop&#187; locked=&#187;off&#187; global_colors_info=&#187;{}&#187;][\/et_pb_blurb][\/et_pb_column][et_pb_column type=&#187;1_4&#8243; _builder_version=&#187;4.16&#8243; custom_padding=&#187;|||&#187; global_colors_info=&#187;{}&#187; custom_padding__hover=&#187;|||&#187;][et_pb_blurb title=&#187;Junior Web Designer&#187; image=&#187;https:\/\/demogency.com\/wp-content\/uploads\/2022\/11\/designer.png&#187; _builder_version=&#187;4.19.1&#8243; header_font=&#187;Bitter||||||||&#187; header_line_height=&#187;1.8em&#187; body_font=&#187;||||||||&#187; body_line_height=&#187;1.8em&#187; text_orientation=&#187;center&#187; body_font_size_tablet=&#187;&#187; body_font_size_phone=&#187;14px&#187; body_font_size_last_edited=&#187;on|desktop&#187; global_colors_info=&#187;{}&#187;][\/et_pb_blurb][\/et_pb_column][\/et_pb_row][et_pb_row column_structure=&#187;1_4,1_4,1_4,1_4&#8243; custom_padding_last_edited=&#187;on|desktop&#187; _builder_version=&#187;4.18.0&#8243; background_color=&#187;#ffffff&#187; custom_margin=&#187;|||||false&#187; custom_padding=&#187;|48px|56px|48px||true&#187; custom_padding_tablet=&#187;&#187; custom_padding_phone=&#187;|30px||30px||true&#187; box_shadow_style=&#187;preset1&#8243; box_shadow_vertical=&#187;38px&#187; box_shadow_blur=&#187;60px&#187; box_shadow_spread=&#187;-34px&#187; box_shadow_color=&#187;rgba(0,0,0,0.24)&#187; global_colors_info=&#187;{}&#187;][et_pb_column type=&#187;1_4&#8243; _builder_version=&#187;4.16&#8243; custom_padding=&#187;|||&#187; global_colors_info=&#187;{}&#187; custom_padding__hover=&#187;|||&#187;][et_pb_blurb title=&#187;Schnelles Lernen&#187; image=&#187;https:\/\/demogency.com\/wp-content\/uploads\/2022\/11\/thinking.png&#187; _builder_version=&#187;4.19.1&#8243; header_font=&#187;Bitter||||||||&#187; header_line_height=&#187;1.8em&#187; body_font=&#187;||||||||&#187; body_line_height=&#187;1.8em&#187; text_orientation=&#187;center&#187; body_font_size_tablet=&#187;&#187; body_font_size_phone=&#187;14px&#187; body_font_size_last_edited=&#187;on|desktop&#187; locked=&#187;off&#187; global_colors_info=&#187;{}&#187;][\/et_pb_blurb][\/et_pb_column][et_pb_column type=&#187;1_4&#8243; _builder_version=&#187;4.16&#8243; custom_padding=&#187;|||&#187; global_colors_info=&#187;{}&#187; custom_padding__hover=&#187;|||&#187;][et_pb_blurb title=&#187;Offen f\u00fcr neue Skills&#187; image=&#187;https:\/\/demogency.com\/wp-content\/uploads\/2022\/11\/skill.png&#187; _builder_version=&#187;4.19.1&#8243; header_font=&#187;Bitter||||||||&#187; header_line_height=&#187;1.8em&#187; body_font=&#187;||||||||&#187; body_line_height=&#187;1.8em&#187; text_orientation=&#187;center&#187; body_font_size_tablet=&#187;&#187; body_font_size_phone=&#187;14px&#187; body_font_size_last_edited=&#187;on|desktop&#187; global_colors_info=&#187;{}&#187;][\/et_pb_blurb][\/et_pb_column][et_pb_column type=&#187;1_4&#8243; _builder_version=&#187;4.16&#8243; custom_padding=&#187;|||&#187; global_colors_info=&#187;{}&#187; custom_padding__hover=&#187;|||&#187;][et_pb_blurb title=&#187;Analytische Skills&#187; image=&#187;https:\/\/demogency.com\/wp-content\/uploads\/2022\/11\/statistics-2.png&#187; _builder_version=&#187;4.19.1&#8243; header_font=&#187;Bitter||||||||&#187; header_line_height=&#187;1.8em&#187; body_font=&#187;||||||||&#187; body_line_height=&#187;1.8em&#187; text_orientation=&#187;center&#187; body_font_size_tablet=&#187;&#187; body_font_size_phone=&#187;14px&#187; body_font_size_last_edited=&#187;on|desktop&#187; locked=&#187;off&#187; global_colors_info=&#187;{}&#187;][\/et_pb_blurb][\/et_pb_column][et_pb_column type=&#187;1_4&#8243; _builder_version=&#187;4.16&#8243; custom_padding=&#187;|||&#187; global_colors_info=&#187;{}&#187; custom_padding__hover=&#187;|||&#187;][et_pb_blurb title=&#187;Zuverl\u00e4ssigkeit&#187; image=&#187;https:\/\/demogency.com\/wp-content\/uploads\/2022\/11\/reliability.png&#187; _builder_version=&#187;4.19.1&#8243; header_font=&#187;Bitter||||||||&#187; header_line_height=&#187;1.8em&#187; body_font=&#187;||||||||&#187; body_line_height=&#187;1.8em&#187; text_orientation=&#187;center&#187; body_font_size_tablet=&#187;&#187; body_font_size_phone=&#187;14px&#187; body_font_size_last_edited=&#187;on|desktop&#187; global_colors_info=&#187;{}&#187;][\/et_pb_blurb][\/et_pb_column][\/et_pb_row][et_pb_row _builder_version=&#187;4.18.0&#8243; _module_preset=&#187;default&#187; background_color=&#187;#FFFFFF&#187; box_shadow_style=&#187;preset1&#8243; box_shadow_vertical=&#187;34px&#187; box_shadow_blur=&#187;57px&#187; box_shadow_spread=&#187;-34px&#187; box_shadow_color=&#187;rgba(0,0,0,0.24)&#187; global_colors_info=&#187;{}&#187;][et_pb_column type=&#187;4_4&#8243; _builder_version=&#187;4.18.0&#8243; _module_preset=&#187;default&#187; global_colors_info=&#187;{}&#187;][et_pb_button button_url=&#187;https:\/\/demogency.com\/kontakt\/&#187; button_text=&#187;Angebot anfordern&#187; button_alignment=&#187;center&#187; _builder_version=&#187;4.19.1&#8243; custom_button=&#187;on&#187; button_text_size=&#187;14px&#187; button_text_color=&#187;#000000&#8243; button_bg_color=&#187;gcid-9902ada2-39d8-4e2f-be73-604b5b7f1513&#8243; button_border_color=&#187;rgba(0,0,0,0)&#187; button_border_radius=&#187;100px&#187; button_letter_spacing=&#187;2px&#187; button_font=&#187;Raleway|700||on|||||&#187; button_icon=&#187;&#x24;||divi||400&#8243; custom_padding=&#187;15px|40px|15px|40px|true|true&#187; hover_enabled=&#187;0&#8243; locked=&#187;off&#187; global_colors_info=&#187;{%22gcid-9902ada2-39d8-4e2f-be73-604b5b7f1513%22:%91%22button_bg_color%22%93}&#187; custom_padding_last_edited=&#187;on|phone&#187; custom_padding_phone=&#187;15px|22px|15px|22px|true|true&#187; sticky_enabled=&#187;0&#8243; custom_padding_tablet=&#187;15px|40px|15px|40px|true|true&#187;][\/et_pb_button][\/et_pb_column][\/et_pb_row][\/et_pb_section][et_pb_section fb_built=&#187;1&#8243; fullwidth=&#187;on&#187; admin_label=&#187;Section&#187; _builder_version=&#187;4.18.0&#8243; use_background_color_gradient=&#187;on&#187; background_color_gradient_stops=&#187;rgba(0,0,0,0.65) 52%|rgba(255,218,115,0.46) 93%&#187; background_color_gradient_overlays_image=&#187;on&#187; background_image=&#187;http:\/\/demogency.com\/wp-content\/uploads\/2022\/10\/pexels-laura-tancredi-7078668.jpg&#187; parallax=&#187;on&#187; height=&#187;600px&#187; global_colors_info=&#187;{}&#187;][\/et_pb_section][et_pb_section fb_built=&#187;1&#8243; admin_label=&#187;Call Out&#187; _builder_version=&#187;4.19.1&#8243; background_color=&#187;#000d15&#8243; custom_padding=&#187;0px||0px|||&#187; global_colors_info=&#187;{}&#187;][et_pb_row _builder_version=&#187;4.18.0&#8243; background_color=&#187;#ffffff&#187; transform_translate=&#187;0px|-8vw&#187; transform_translate_linked=&#187;off&#187; max_width=&#187;700px&#187; custom_margin=&#187;||-8vw&#187; custom_padding=&#187;70px|4vw|70px|4vw|false|true&#187; border_radii=&#187;on|20px|20px|20px|20px&#187; box_shadow_style=&#187;preset1&#8243; box_shadow_vertical=&#187;24px&#187; box_shadow_blur=&#187;100px&#187; box_shadow_spread=&#187;-30px&#187; box_shadow_color=&#187;rgba(0,0,0,0.24)&#187; locked=&#187;off&#187; global_colors_info=&#187;{}&#187;][et_pb_column type=&#187;4_4&#8243; _builder_version=&#187;4.16&#8243; custom_padding=&#187;|||&#187; global_colors_info=&#187;{}&#187; custom_padding__hover=&#187;|||&#187;][et_pb_text _builder_version=&#187;4.18.0&#8243; text_font=&#187;||||||||&#187; text_font_size=&#187;20px&#187; text_line_height=&#187;1.8em&#187; header_font=&#187;||||||||&#187; header_2_font=&#187;Bitter||||||||&#187; header_2_font_size=&#187;42px&#187; header_2_line_height=&#187;1.2em&#187; text_orientation=&#187;center&#187; max_width=&#187;440px&#187; module_alignment=&#187;center&#187; text_font_size_tablet=&#187;&#187; text_font_size_phone=&#187;14px&#187; text_font_size_last_edited=&#187;on|phone&#187; header_2_font_size_tablet=&#187;&#187; header_2_font_size_phone=&#187;32px&#187; header_2_font_size_last_edited=&#187;on|phone&#187; global_colors_info=&#187;{}&#187;]<\/p>\n<h2>Gain more time with a Virtual Assistant<\/h2>\n<p>Many tasks can be outsourced. We are happy to be your virtual assistant and your right hand for any task.<\/p>\n<p>[\/et_pb_text][et_pb_button button_url=&#187;https:\/\/demogency.com\/kontakt\/&#187; button_text=&#187;Angebot anfordern&#187; button_alignment=&#187;center&#187; _builder_version=&#187;4.19.1&#8243; custom_button=&#187;on&#187; button_text_size=&#187;14px&#187; button_text_color=&#187;#000000&#8243; button_bg_color=&#187;gcid-9902ada2-39d8-4e2f-be73-604b5b7f1513&#8243; button_border_color=&#187;rgba(0,0,0,0)&#187; button_border_radius=&#187;100px&#187; button_letter_spacing=&#187;2px&#187; button_font=&#187;Raleway|700||on|||||&#187; button_icon=&#187;&#x24;||divi||400&#8243; custom_padding=&#187;15px|40px|15px|40px|true|true&#187; hover_enabled=&#187;0&#8243; locked=&#187;off&#187; global_colors_info=&#187;{%22gcid-9902ada2-39d8-4e2f-be73-604b5b7f1513%22:%91%22button_bg_color%22%93}&#187; custom_padding_last_edited=&#187;on|phone&#187; custom_padding_phone=&#187;15px|15px|15px|15px|true|true&#187; sticky_enabled=&#187;0&#8243; custom_padding_tablet=&#187;15px|40px|15px|40px|true|true&#187;][\/et_pb_button][\/et_pb_column][\/et_pb_row][et_pb_row _builder_version=&#187;4.16&#8243; custom_padding=&#187;0px||0px|||&#187; global_colors_info=&#187;{}&#187;][et_pb_column type=&#187;4_4&#8243; _builder_version=&#187;4.16&#8243; custom_padding=&#187;|||&#187; global_colors_info=&#187;{}&#187; custom_padding__hover=&#187;|||&#187;][et_pb_divider color=&#187;rgba(67,89,233,0.27)&#187; divider_weight=&#187;200px&#187; _builder_version=&#187;4.16&#8243; width=&#187;1px&#187; module_alignment=&#187;center&#187; height=&#187;200px&#187; custom_margin=&#187;-62px||&#187; global_colors_info=&#187;{}&#187;][\/et_pb_divider][\/et_pb_column][\/et_pb_row][\/et_pb_section]<\/p>","protected":false},"excerpt":{"rendered":"<p>Ihr Virtueller Assistent Brauchen Sie virtuelle Assistenz? Ein virtueller Assistent oder eine virtuelle Assistentin kann Ihre rechte Hand sein, \u00fcberall aushelfen wo Bedarf ist und zeitaufw\u00e4ndige Tasks \u00fcbernehmen.Virtuelle AssistenzVirtueller Assistent gesucht? Dann sind Sie genau richtig bei demogency.com. Wir bieten virtuelle Assistenz f\u00fcr verschiedene Bereiche wie Online Marketing, Web Development, Data Entry, Management oder auch [&hellip;]<\/p>","protected":false},"author":1,"featured_media":0,"parent":0,"menu_order":0,"comment_status":"closed","ping_status":"closed","template":"","meta":{"_acf_changed":false,"_et_pb_use_builder":"on","_et_pb_old_content":"","_et_gb_content_width":"","two_page_speed":[],"footnotes":""},"dipi_cpt_category":[],"class_list":["post-18027541","page","type-page","status-publish","hentry"],"acf":[],"aioseo_notices":[],"_links":{"self":[{"href":"https:\/\/demogency.com\/en\/wp-json\/wp\/v2\/pages\/18027541","targetHints":{"allow":["GET"]}}],"collection":[{"href":"https:\/\/demogency.com\/en\/wp-json\/wp\/v2\/pages"}],"about":[{"href":"https:\/\/demogency.com\/en\/wp-json\/wp\/v2\/types\/page"}],"author":[{"embeddable":true,"href":"https:\/\/demogency.com\/en\/wp-json\/wp\/v2\/users\/1"}],"replies":[{"embeddable":true,"href":"https:\/\/demogency.com\/en\/wp-json\/wp\/v2\/comments?post=18027541"}],"version-history":[{"count":12,"href":"https:\/\/demogency.com\/en\/wp-json\/wp\/v2\/pages\/18027541\/revisions"}],"predecessor-version":[{"id":18028056,"href":"https:\/\/demogency.com\/en\/wp-json\/wp\/v2\/pages\/18027541\/revisions\/18028056"}],"wp:attachment":[{"href":"https:\/\/demogency.com\/en\/wp-json\/wp\/v2\/media?parent=18027541"}],"wp:term":[{"taxonomy":"dipi_cpt_category","embeddable":true,"href":"https:\/\/demogency.com\/en\/wp-json\/wp\/v2\/dipi_cpt_category?post=18027541"}],"curies":[{"name":"wp","href":"https:\/\/api.w.org\/{rel}","templated":true}]}}