{"id":18027522,"date":"2022-10-04T19:43:54","date_gmt":"2022-10-04T19:43:54","guid":{"rendered":"https:\/\/demogency.com\/?page_id=18027522"},"modified":"2022-12-24T17:03:43","modified_gmt":"2022-12-24T17:03:43","slug":"data-entry","status":"publish","type":"page","link":"https:\/\/demogency.com\/en\/data-entry\/","title":{"rendered":"Data Entry"},"content":{"rendered":"<p>[et_pb_section fb_built=&#187;1&#8243; admin_label=&#187;Header&#187; _builder_version=&#187;4.18.0&#8243; background_color=&#187;#f1f1f1&#8243; use_background_color_gradient=&#187;on&#187; background_color_gradient_direction=&#187;90deg&#187; background_color_gradient_stops=&#187;#f7f7f7 66%|#ffffff 66%&#187; background_color_gradient_start=&#187;#f7f7f7&#8243; background_color_gradient_start_position=&#187;66%&#187; background_color_gradient_end=&#187;#ffffff&#187; background_color_gradient_end_position=&#187;0%&#187; custom_margin=&#187;||0px|||&#187; custom_padding=&#187;||19px|||&#187; background_last_edited=&#187;on|tablet&#187; use_background_color_gradient_tablet=&#187;on&#187; background_color_gradient_stops_tablet=&#187;#f7f7f7 100%|#ffffff 100%&#187; background_color_gradient_start_position_tablet=&#187;100%&#187; box_shadow_style=&#187;preset2&#8243; box_shadow_color=&#187;rgba(0,0,0,0.2)&#187; global_colors_info=&#187;{}&#187;][et_pb_row column_structure=&#187;1_2,1_2&#8243; custom_padding_last_edited=&#187;on|phone&#187; padding_left_right_link_1=&#187;false&#187; _builder_version=&#187;4.16&#8243; background_image=&#187;http:\/\/demogency.com\/wp-content\/uploads\/2022\/10\/green-energy-20.png&#187; background_size=&#187;initial&#187; background_position=&#187;top_left&#187; custom_padding=&#187;|||20px&#187; custom_padding_tablet=&#187;&#187; custom_padding_phone=&#187;|||0px&#187; global_colors_info=&#187;{}&#187;][et_pb_column type=&#187;1_2&#8243; _builder_version=&#187;4.16&#8243; background_repeat=&#187;repeat&#187; custom_padding=&#187;|20px||&#187; custom_padding_tablet=&#187;|0px||&#187; custom_padding_phone=&#187;|0px||&#187; custom_padding_last_edited=&#187;on|tablet&#187; global_colors_info=&#187;{}&#187; custom_padding__hover=&#187;|||&#187;][et_pb_text _builder_version=&#187;4.18.0&#8243; text_font=&#187;||||||||&#187; text_font_size=&#187;20px&#187; text_line_height=&#187;1.8em&#187; header_font=&#187;Nexa regular|700|||||||&#187; header_text_color=&#187;gcid-2927b353-b69b-42ef-a014-fa48faac3e34&#8243; header_font_size=&#187;60px&#187; header_line_height=&#187;1.3em&#187; custom_margin=&#187;||7px|||&#187; text_font_size_tablet=&#187;&#187; text_font_size_phone=&#187;14px&#187; text_font_size_last_edited=&#187;on|desktop&#187; header_font_size_tablet=&#187;50px&#187; header_font_size_phone=&#187;30px&#187; header_font_size_last_edited=&#187;on|phone&#187; global_colors_info=&#187;{%22gcid-2927b353-b69b-42ef-a014-fa48faac3e34%22:%91%22header_text_color%22%93}&#187;]<\/p>\n<h1>Your Data Entry Agency<\/h1>\n<p>Generic work like cleaning up lists, finding company contacts, adding products, etc. is often very time consuming and yet essential. We would be happy to take on these tasks for you.<\/p>\n<p>[\/et_pb_text][et_pb_image src=&#187;https:\/\/demogency.com\/wp-content\/uploads\/2022\/11\/glenn-carstens-peters-npxXWgQ33ZQ-unsplash-1.webp&#187; title_text=&#187;glenn-carstens-peters-npxXWgQ33ZQ-unsplash (1)&#187; _builder_version=&#187;4.19.1&#8243; _module_preset=&#187;default&#187; hover_enabled=&#187;0&#8243; border_radii=&#187;on|20px|20px|20px|20px&#187; box_shadow_style=&#187;preset2&#8243; global_colors_info=&#187;{}&#187; disabled_on=&#187;off|on|on&#187; sticky_enabled=&#187;0&#8243;][\/et_pb_image][et_pb_button button_url=&#187;https:\/\/demogency.com\/kontakt\/&#187; button_text=&#187;Lass uns sprechen&#187; _builder_version=&#187;4.19.1&#8243; custom_button=&#187;on&#187; button_text_size=&#187;14px&#187; button_text_color=&#187;#000000&#8243; button_bg_color=&#187;gcid-9902ada2-39d8-4e2f-be73-604b5b7f1513&#8243; button_border_color=&#187;rgba(0,0,0,0)&#187; button_border_radius=&#187;100px&#187; button_letter_spacing=&#187;2px&#187; button_font=&#187;Raleway|700||on|||||&#187; button_icon=&#187;&#x24;||divi||400&#8243; custom_padding=&#187;15px|40px|15px|40px|true|true&#187; hover_enabled=&#187;0&#8243; locked=&#187;off&#187; global_colors_info=&#187;{%22gcid-9902ada2-39d8-4e2f-be73-604b5b7f1513%22:%91%22button_bg_color%22%93}&#187; custom_padding_last_edited=&#187;on|phone&#187; custom_padding_phone=&#187;|19px||19px|true|true&#187; sticky_enabled=&#187;0&#8243; custom_padding_tablet=&#187;15px|40px|15px|40px|true|true&#187;][\/et_pb_button][\/et_pb_column][et_pb_column type=&#187;1_2&#8243; _builder_version=&#187;4.16&#8243; custom_padding=&#187;|||&#187; global_colors_info=&#187;{}&#187; custom_padding__hover=&#187;|||&#187;][et_pb_image src=&#187;https:\/\/demogency.com\/wp-content\/uploads\/2022\/11\/glenn-carstens-peters-npxXWgQ33ZQ-unsplash-1.webp&#187; title_text=&#187;glenn-carstens-peters-npxXWgQ33ZQ-unsplash (1)&#187; _builder_version=&#187;4.19.1&#8243; _module_preset=&#187;default&#187; hover_enabled=&#187;0&#8243; border_radii=&#187;on|20px|20px|20px|20px&#187; box_shadow_style=&#187;preset2&#8243; global_colors_info=&#187;{}&#187; disabled_on=&#187;on|off|off&#187; sticky_enabled=&#187;0&#8243;][\/et_pb_image][\/et_pb_column][\/et_pb_row][\/et_pb_section][et_pb_section fb_built=&#187;1&#8243; admin_label=&#187;Gallery&#187; _builder_version=&#187;4.18.0&#8243; background_enable_image=&#187;off&#187; background_size=&#187;initial&#187; background_enable_pattern_style=&#187;on&#187; background_pattern_style=&#187;confetti&#187; background_pattern_color=&#187;rgba(0,0,0,0.02)&#187; custom_margin=&#187;-3px||||false|false&#187; custom_padding=&#187;145px|||||&#187; background_last_edited=&#187;on|desktop&#187; background_position_tablet=&#187;top_center&#187; global_colors_info=&#187;{}&#187;][et_pb_row column_structure=&#187;3_5,2_5&#8243; _builder_version=&#187;4.18.0&#8243; background_color=&#187;gcid-6d4e698b-7888-4a6e-93be-afd111e300e7&#8243; max_width=&#187;100%&#187; custom_margin=&#187;26px|auto|||false|false&#187; custom_padding=&#187;30px|30px|30px|30px|true|true&#187; border_radii=&#187;on|20px|20px|20px|20px&#187; box_shadow_style=&#187;preset2&#8243; global_colors_info=&#187;{%22gcid-6d4e698b-7888-4a6e-93be-afd111e300e7%22:%91%22background_color%22%93}&#187;][et_pb_column type=&#187;3_5&#8243; _builder_version=&#187;4.16&#8243; custom_padding=&#187;|||&#187; global_colors_info=&#187;{}&#187; custom_padding__hover=&#187;|||&#187;][et_pb_text _builder_version=&#187;4.18.0&#8243; _module_preset=&#187;default&#187; header_2_font=&#187;Nexa regular|700|||||||&#187; header_2_text_color=&#187;#000000&#8243; header_2_font_size=&#187;60px&#187; header_2_line_height=&#187;1.1em&#187; background_enable_color=&#187;off&#187; header_2_font_size_tablet=&#187;40px&#187; header_2_font_size_phone=&#187;25px&#187; header_2_font_size_last_edited=&#187;on|phone&#187; locked=&#187;off&#187; global_colors_info=&#187;{}&#187;]<\/p>\n<h2>Data Entry<\/h2>\n<p>[\/et_pb_text][et_pb_text _builder_version=&#187;4.18.0&#8243; text_font_size=&#187;16px&#187; text_line_height=&#187;1.8em&#187; header_font=&#187;||||||||&#187; header_2_font=&#187;||||||||&#187; custom_margin=&#187;||&#187; locked=&#187;off&#187; global_colors_info=&#187;{}&#187;]<\/p>\n<p>Even if a large number of processes have been digitized and automated, there are still processes that do not require great knowledge, but simply require time and perseverance. The urge to outsource this is great, but good German is often necessary. We offer exactly this combination. Leave your data entry tasks to us like cleaning lists, finding contacts, copy paste work, adding products, posting blog articles, etc. You can say goodbye to generic and time-consuming data entry and focus on your business.<\/p>\n<p>[\/et_pb_text][et_pb_button button_url=&#187;https:\/\/demogency.com\/kontakt\/&#187; button_text=&#187;Lass uns sprechen&#187; _builder_version=&#187;4.18.0&#8243; custom_button=&#187;on&#187; button_text_size=&#187;14px&#187; button_text_color=&#187;#000000&#8243; button_bg_color=&#187;gcid-9902ada2-39d8-4e2f-be73-604b5b7f1513&#8243; button_border_color=&#187;rgba(0,0,0,0)&#187; button_border_radius=&#187;100px&#187; button_letter_spacing=&#187;2px&#187; button_font=&#187;Raleway|700||on|||||&#187; button_icon=&#187;&#x24;||divi||400&#8243; custom_padding=&#187;15px|40px|15px|40px|true|true&#187; hover_enabled=&#187;0&#8243; locked=&#187;off&#187; global_colors_info=&#187;{%22gcid-9902ada2-39d8-4e2f-be73-604b5b7f1513%22:%91%22button_bg_color%22%93}&#187; custom_padding_last_edited=&#187;on|phone&#187; custom_padding_phone=&#187;15px|20px|15px|20px|true|true&#187; button_text_size_last_edited=&#187;on|phone&#187; button_text_size_phone=&#187;11px&#187; sticky_enabled=&#187;0&#8243; custom_padding_tablet=&#187;15px|40px|15px|40px|true|true&#187; button_text_size_tablet=&#187;14px&#187;][\/et_pb_button][\/et_pb_column][et_pb_column type=&#187;2_5&#8243; _builder_version=&#187;4.16&#8243; custom_padding=&#187;|||&#187; global_colors_info=&#187;{}&#187; custom_padding__hover=&#187;|||&#187;][et_pb_text _builder_version=&#187;4.18.0&#8243; _module_preset=&#187;default&#187; header_2_font=&#187;Nexa regular|700|||||||&#187; header_2_text_color=&#187;#000000&#8243; header_2_font_size=&#187;20px&#187; header_2_line_height=&#187;1.1em&#187; background_enable_color=&#187;off&#187; custom_margin=&#187;57px|||||&#187; header_2_font_size_tablet=&#187;40px&#187; header_2_font_size_phone=&#187;25px&#187; header_2_font_size_last_edited=&#187;on|phone&#187; locked=&#187;off&#187; global_colors_info=&#187;{}&#187;]<\/p>\n<h2>Outsourcing Benefits<\/h2>\n<p>[\/et_pb_text][et_pb_text module_class=&#187;listcheck&#187; _builder_version=&#187;4.19.1&#8243; _module_preset=&#187;default&#187; text_font=&#187;|700|||||||&#187; text_font_size=&#187;24px&#187; hover_enabled=&#187;0&#8243; locked=&#187;off&#187; global_colors_info=&#187;{}&#187; text_font_size_last_edited=&#187;on|phone&#187; text_font_size_phone=&#187;18px&#187; sticky_enabled=&#187;0&#8243; text_font_size_tablet=&#187;24px&#187;]<\/p>\n<p><i class=\"fa-regular fa-square-check\"><\/i><span>\u00a0Time Saving<\/span><\/p>\n<p><i class=\"fa-regular fa-square-check\"><\/i><span>\u00a0Scalability<\/span><\/p>\n<p><i class=\"fa-regular fa-square-check\"><\/i><span>\u00a0Focus on Business<\/span><\/p>\n<p><i class=\"fa-regular fa-square-check\"><\/i><span>\u00a0More Energy<\/span><\/p>\n<p>[\/et_pb_text][\/et_pb_column][\/et_pb_row][\/et_pb_section][et_pb_section fb_built=&#187;1&#8243; _builder_version=&#187;4.18.0&#8243; _module_preset=&#187;default&#187; background_image=&#187;http:\/\/demogency.com\/wp-content\/uploads\/2022\/10\/green-energy-22.png&#187; background_size=&#187;initial&#187; background_position=&#187;bottom_center&#187; background_repeat=&#187;repeat-x&#187; custom_padding=&#187;110px|||||&#187; global_colors_info=&#187;{}&#187;][et_pb_row _builder_version=&#187;4.18.0&#8243; _module_preset=&#187;default&#187; background_color=&#187;#ffffff&#187; box_shadow_style=&#187;preset1&#8243; box_shadow_vertical=&#187;38px&#187; box_shadow_blur=&#187;68px&#187; box_shadow_spread=&#187;-34px&#187; box_shadow_color=&#187;rgba(0,0,0,0.24)&#187; global_colors_info=&#187;{}&#187;][et_pb_column type=&#187;4_4&#8243; _builder_version=&#187;4.18.0&#8243; _module_preset=&#187;default&#187; global_colors_info=&#187;{}&#187;][et_pb_text _builder_version=&#187;4.18.0&#8243; _module_preset=&#187;default&#187; header_2_font=&#187;Nexa regular|700|||||||&#187; header_2_text_align=&#187;center&#187; header_2_text_color=&#187;#000000&#8243; header_2_font_size=&#187;60px&#187; header_2_line_height=&#187;1.1em&#187; background_enable_color=&#187;off&#187; header_2_font_size_tablet=&#187;40px&#187; header_2_font_size_phone=&#187;25px&#187; header_2_font_size_last_edited=&#187;on|phone&#187; locked=&#187;off&#187; global_colors_info=&#187;{}&#187;]<\/p>\n<h2>Data Entry Tasks<\/h2>\n<p>[\/et_pb_text][\/et_pb_column][\/et_pb_row][et_pb_row column_structure=&#187;1_4,1_4,1_4,1_4&#8243; custom_padding_last_edited=&#187;on|desktop&#187; _builder_version=&#187;4.18.0&#8243; background_color=&#187;#ffffff&#187; custom_margin=&#187;|||||false&#187; custom_padding=&#187;|48px|56px|48px||true&#187; custom_padding_tablet=&#187;&#187; custom_padding_phone=&#187;|30px||30px||true&#187; box_shadow_style=&#187;preset1&#8243; box_shadow_vertical=&#187;38px&#187; box_shadow_blur=&#187;60px&#187; box_shadow_spread=&#187;-34px&#187; box_shadow_color=&#187;rgba(0,0,0,0.24)&#187; global_colors_info=&#187;{}&#187;][et_pb_column type=&#187;1_4&#8243; _builder_version=&#187;4.16&#8243; custom_padding=&#187;|||&#187; global_colors_info=&#187;{}&#187; custom_padding__hover=&#187;|||&#187;][et_pb_blurb title=&#187;Web Research&#187; image=&#187;https:\/\/demogency.com\/wp-content\/uploads\/2022\/11\/keyword-1.png&#187; _builder_version=&#187;4.18.1&#8243; header_font=&#187;Bitter||||||||&#187; header_line_height=&#187;1.8em&#187; body_font=&#187;||||||||&#187; body_line_height=&#187;1.8em&#187; text_orientation=&#187;center&#187; body_font_size_tablet=&#187;&#187; body_font_size_phone=&#187;14px&#187; body_font_size_last_edited=&#187;on|desktop&#187; locked=&#187;off&#187; global_colors_info=&#187;{}&#187;][\/et_pb_blurb][\/et_pb_column][et_pb_column type=&#187;1_4&#8243; _builder_version=&#187;4.16&#8243; custom_padding=&#187;|||&#187; global_colors_info=&#187;{}&#187; custom_padding__hover=&#187;|||&#187;][et_pb_blurb title=&#187;Copy Paste Arbeit&#187; image=&#187;https:\/\/demogency.com\/wp-content\/uploads\/2022\/11\/paste.png&#187; _builder_version=&#187;4.18.1&#8243; header_font=&#187;Bitter||||||||&#187; header_line_height=&#187;1.8em&#187; body_font=&#187;||||||||&#187; body_line_height=&#187;1.8em&#187; text_orientation=&#187;center&#187; body_font_size_tablet=&#187;&#187; body_font_size_phone=&#187;14px&#187; body_font_size_last_edited=&#187;on|desktop&#187; global_colors_info=&#187;{}&#187;][\/et_pb_blurb][\/et_pb_column][et_pb_column type=&#187;1_4&#8243; _builder_version=&#187;4.16&#8243; custom_padding=&#187;|||&#187; global_colors_info=&#187;{}&#187; custom_padding__hover=&#187;|||&#187;][et_pb_blurb title=&#187;Listen s\u00e4ubern&#187; image=&#187;https:\/\/demogency.com\/wp-content\/uploads\/2022\/11\/completed-task.png&#187; _builder_version=&#187;4.18.1&#8243; header_font=&#187;Bitter||||||||&#187; header_line_height=&#187;1.8em&#187; body_font=&#187;||||||||&#187; body_line_height=&#187;1.8em&#187; text_orientation=&#187;center&#187; body_font_size_tablet=&#187;&#187; body_font_size_phone=&#187;14px&#187; body_font_size_last_edited=&#187;on|desktop&#187; locked=&#187;off&#187; global_colors_info=&#187;{}&#187;][\/et_pb_blurb][\/et_pb_column][et_pb_column type=&#187;1_4&#8243; _builder_version=&#187;4.16&#8243; custom_padding=&#187;|||&#187; global_colors_info=&#187;{}&#187; custom_padding__hover=&#187;|||&#187;][et_pb_blurb title=&#187;Kontake suchen&#187; image=&#187;https:\/\/demogency.com\/wp-content\/uploads\/2022\/11\/search-2.png&#187; _builder_version=&#187;4.18.1&#8243; header_font=&#187;Bitter||||||||&#187; header_line_height=&#187;1.8em&#187; body_font=&#187;||||||||&#187; body_line_height=&#187;1.8em&#187; text_orientation=&#187;center&#187; body_font_size_tablet=&#187;&#187; body_font_size_phone=&#187;14px&#187; body_font_size_last_edited=&#187;on|desktop&#187; global_colors_info=&#187;{}&#187;][\/et_pb_blurb][\/et_pb_column][\/et_pb_row][et_pb_row column_structure=&#187;1_4,1_4,1_4,1_4&#8243; custom_padding_last_edited=&#187;on|desktop&#187; _builder_version=&#187;4.18.0&#8243; background_color=&#187;#ffffff&#187; custom_margin=&#187;|||||false&#187; custom_padding=&#187;|48px|56px|48px||true&#187; custom_padding_tablet=&#187;&#187; custom_padding_phone=&#187;|30px||30px||true&#187; box_shadow_style=&#187;preset1&#8243; box_shadow_vertical=&#187;38px&#187; box_shadow_blur=&#187;60px&#187; box_shadow_spread=&#187;-34px&#187; box_shadow_color=&#187;rgba(0,0,0,0.24)&#187; global_colors_info=&#187;{}&#187;][et_pb_column type=&#187;1_4&#8243; _builder_version=&#187;4.16&#8243; custom_padding=&#187;|||&#187; global_colors_info=&#187;{}&#187; custom_padding__hover=&#187;|||&#187;][et_pb_blurb title=&#187;Blogartikel hinzuf\u00fcgen&#187; image=&#187;https:\/\/demogency.com\/wp-content\/uploads\/2022\/11\/blogging.png&#187; _builder_version=&#187;4.18.1&#8243; header_font=&#187;Bitter||||||||&#187; header_line_height=&#187;1.8em&#187; body_font=&#187;||||||||&#187; body_line_height=&#187;1.8em&#187; text_orientation=&#187;center&#187; body_font_size_tablet=&#187;&#187; body_font_size_phone=&#187;14px&#187; body_font_size_last_edited=&#187;on|desktop&#187; locked=&#187;off&#187; global_colors_info=&#187;{}&#187;][\/et_pb_blurb][\/et_pb_column][et_pb_column type=&#187;1_4&#8243; _builder_version=&#187;4.16&#8243; custom_padding=&#187;|||&#187; global_colors_info=&#187;{}&#187; custom_padding__hover=&#187;|||&#187;][et_pb_blurb title=&#187;Produkte hinzuf\u00fcgen&#187; image=&#187;https:\/\/demogency.com\/wp-content\/uploads\/2022\/11\/add-to-basket.png&#187; _builder_version=&#187;4.18.1&#8243; header_font=&#187;Bitter||||||||&#187; header_line_height=&#187;1.8em&#187; body_font=&#187;||||||||&#187; body_line_height=&#187;1.8em&#187; text_orientation=&#187;center&#187; body_font_size_tablet=&#187;&#187; body_font_size_phone=&#187;14px&#187; body_font_size_last_edited=&#187;on|desktop&#187; global_colors_info=&#187;{}&#187;][\/et_pb_blurb][\/et_pb_column][et_pb_column type=&#187;1_4&#8243; _builder_version=&#187;4.16&#8243; custom_padding=&#187;|||&#187; global_colors_info=&#187;{}&#187; custom_padding__hover=&#187;|||&#187;][et_pb_blurb title=&#187;Quality Assurance&#187; image=&#187;https:\/\/demogency.com\/wp-content\/uploads\/2022\/11\/quality-assurance.png&#187; _builder_version=&#187;4.18.1&#8243; header_font=&#187;Bitter||||||||&#187; header_line_height=&#187;1.8em&#187; body_font=&#187;||||||||&#187; body_line_height=&#187;1.8em&#187; text_orientation=&#187;center&#187; body_font_size_tablet=&#187;&#187; body_font_size_phone=&#187;14px&#187; body_font_size_last_edited=&#187;on|desktop&#187; locked=&#187;off&#187; global_colors_info=&#187;{}&#187;][\/et_pb_blurb][\/et_pb_column][et_pb_column type=&#187;1_4&#8243; _builder_version=&#187;4.16&#8243; custom_padding=&#187;|||&#187; global_colors_info=&#187;{}&#187; custom_padding__hover=&#187;|||&#187;][et_pb_blurb title=&#187;Submit Jobs&#187; image=&#187;https:\/\/demogency.com\/wp-content\/uploads\/2022\/11\/job-seeking.png&#187; _builder_version=&#187;4.18.1&#8243; header_font=&#187;Bitter||||||||&#187; header_line_height=&#187;1.8em&#187; body_font=&#187;||||||||&#187; body_line_height=&#187;1.8em&#187; text_orientation=&#187;center&#187; body_font_size_tablet=&#187;&#187; body_font_size_phone=&#187;14px&#187; body_font_size_last_edited=&#187;on|desktop&#187; global_colors_info=&#187;{}&#187;][\/et_pb_blurb][\/et_pb_column][\/et_pb_row][et_pb_row _builder_version=&#187;4.18.0&#8243; _module_preset=&#187;default&#187; background_color=&#187;#FFFFFF&#187; box_shadow_style=&#187;preset1&#8243; box_shadow_vertical=&#187;34px&#187; box_shadow_blur=&#187;57px&#187; box_shadow_spread=&#187;-34px&#187; box_shadow_color=&#187;rgba(0,0,0,0.24)&#187; global_colors_info=&#187;{}&#187;][et_pb_column type=&#187;4_4&#8243; _builder_version=&#187;4.18.0&#8243; _module_preset=&#187;default&#187; global_colors_info=&#187;{}&#187;][et_pb_button button_url=&#187;https:\/\/demogency.com\/kontakt\/&#187; button_text=&#187;Lass uns sprechen&#187; button_alignment=&#187;center&#187; _builder_version=&#187;4.19.1&#8243; custom_button=&#187;on&#187; button_text_size=&#187;14px&#187; button_text_color=&#187;#000000&#8243; button_bg_color=&#187;gcid-9902ada2-39d8-4e2f-be73-604b5b7f1513&#8243; button_border_color=&#187;rgba(0,0,0,0)&#187; button_border_radius=&#187;100px&#187; button_letter_spacing=&#187;2px&#187; button_font=&#187;Raleway|700||on|||||&#187; button_icon=&#187;&#x24;||divi||400&#8243; custom_padding=&#187;15px|40px|15px|40px|true|true&#187; hover_enabled=&#187;0&#8243; locked=&#187;off&#187; global_colors_info=&#187;{%22gcid-9902ada2-39d8-4e2f-be73-604b5b7f1513%22:%91%22button_bg_color%22%93}&#187; custom_padding_last_edited=&#187;on|phone&#187; custom_padding_phone=&#187;15px|19px|15px|19px|true|true&#187; sticky_enabled=&#187;0&#8243; custom_padding_tablet=&#187;15px|40px|15px|40px|true|true&#187;][\/et_pb_button][\/et_pb_column][\/et_pb_row][\/et_pb_section][et_pb_section fb_built=&#187;1&#8243; fullwidth=&#187;on&#187; admin_label=&#187;Section&#187; _builder_version=&#187;4.18.0&#8243; use_background_color_gradient=&#187;on&#187; background_color_gradient_stops=&#187;rgba(0,0,0,0.65) 52%|rgba(255,218,115,0.46) 93%&#187; background_color_gradient_overlays_image=&#187;on&#187; background_image=&#187;http:\/\/demogency.com\/wp-content\/uploads\/2022\/10\/pexels-laura-tancredi-7078668.jpg&#187; parallax=&#187;on&#187; height=&#187;600px&#187; global_colors_info=&#187;{}&#187;][\/et_pb_section][et_pb_section fb_built=&#187;1&#8243; admin_label=&#187;Call Out&#187; _builder_version=&#187;4.18.1&#8243; background_color=&#187;#010d17&#8243; custom_padding=&#187;0px||0px|||&#187; global_colors_info=&#187;{}&#187;][et_pb_row _builder_version=&#187;4.18.0&#8243; background_color=&#187;#ffffff&#187; transform_translate=&#187;0px|-8vw&#187; transform_translate_linked=&#187;off&#187; max_width=&#187;700px&#187; custom_margin=&#187;||-8vw&#187; custom_padding=&#187;70px|4vw|70px|4vw|false|true&#187; border_radii=&#187;on|20px|20px|20px|20px&#187; box_shadow_style=&#187;preset1&#8243; box_shadow_vertical=&#187;24px&#187; box_shadow_blur=&#187;100px&#187; box_shadow_spread=&#187;-30px&#187; box_shadow_color=&#187;rgba(0,0,0,0.24)&#187; locked=&#187;off&#187; global_colors_info=&#187;{}&#187;][et_pb_column type=&#187;4_4&#8243; _builder_version=&#187;4.16&#8243; custom_padding=&#187;|||&#187; global_colors_info=&#187;{}&#187; custom_padding__hover=&#187;|||&#187;][et_pb_text _builder_version=&#187;4.18.0&#8243; text_font=&#187;||||||||&#187; text_font_size=&#187;20px&#187; text_line_height=&#187;1.8em&#187; header_font=&#187;||||||||&#187; header_2_font=&#187;Bitter||||||||&#187; header_2_font_size=&#187;42px&#187; header_2_line_height=&#187;1.2em&#187; text_orientation=&#187;center&#187; max_width=&#187;440px&#187; module_alignment=&#187;center&#187; text_font_size_tablet=&#187;&#187; text_font_size_phone=&#187;14px&#187; text_font_size_last_edited=&#187;on|phone&#187; header_2_font_size_tablet=&#187;&#187; header_2_font_size_phone=&#187;32px&#187; header_2_font_size_last_edited=&#187;on|phone&#187; global_colors_info=&#187;{}&#187;]<\/p>\n<h2>Save Time and Energy<\/h2>\n<p>We take over your data entry jobs for you and you can fully concentrate on your business<\/p>\n<p>[\/et_pb_text][et_pb_button button_url=&#187;https:\/\/demogency.com\/kontakt\/&#187; button_text=&#187;Lass uns sprechen&#187; button_alignment=&#187;center&#187; _builder_version=&#187;4.19.1&#8243; custom_button=&#187;on&#187; button_text_size=&#187;14px&#187; button_text_color=&#187;#000000&#8243; button_bg_color=&#187;gcid-9902ada2-39d8-4e2f-be73-604b5b7f1513&#8243; button_border_color=&#187;rgba(0,0,0,0)&#187; button_border_radius=&#187;100px&#187; button_letter_spacing=&#187;2px&#187; button_font=&#187;Raleway|700||on|||||&#187; button_icon=&#187;&#x24;||divi||400&#8243; custom_padding=&#187;15px|40px|15px|40px|true|true&#187; hover_enabled=&#187;0&#8243; locked=&#187;off&#187; global_colors_info=&#187;{%22gcid-9902ada2-39d8-4e2f-be73-604b5b7f1513%22:%91%22button_bg_color%22%93}&#187; custom_padding_last_edited=&#187;on|phone&#187; custom_padding_phone=&#187;15px|21px|15px|21px|true|true&#187; sticky_enabled=&#187;0&#8243; custom_padding_tablet=&#187;15px|40px|15px|40px|true|true&#187;][\/et_pb_button][\/et_pb_column][\/et_pb_row][et_pb_row _builder_version=&#187;4.16&#8243; custom_padding=&#187;0px||0px|||&#187; global_colors_info=&#187;{}&#187;][et_pb_column type=&#187;4_4&#8243; _builder_version=&#187;4.16&#8243; custom_padding=&#187;|||&#187; global_colors_info=&#187;{}&#187; custom_padding__hover=&#187;|||&#187;][et_pb_divider color=&#187;rgba(67,89,233,0.27)&#187; divider_weight=&#187;200px&#187; _builder_version=&#187;4.16&#8243; width=&#187;1px&#187; module_alignment=&#187;center&#187; height=&#187;200px&#187; custom_margin=&#187;-62px||&#187; global_colors_info=&#187;{}&#187;][\/et_pb_divider][\/et_pb_column][\/et_pb_row][\/et_pb_section]<\/p>","protected":false},"excerpt":{"rendered":"<p>Ihre Data Entry Agentur Generische Arbeiten wie Listen s\u00e4ubern, Firmenkontakte suchen, Produkte hinzuf\u00fcgen usw. sind oft sehr zeitaufw\u00e4ndig und doch unentbehrlich. Gerne \u00fcbernehmen wir f\u00fcr Sie diese Tasks.Data EntryAuch wenn sehr viele Prozesse digitalisiert und automatisiert wurden, gibt es trotzdem weiterhin Prozesse, die keine grossen Kenntnisse, jedoch einfach Zeit und Ausdauer fordern. Der Drang diese [&hellip;]<\/p>","protected":false},"author":1,"featured_media":0,"parent":0,"menu_order":0,"comment_status":"closed","ping_status":"closed","template":"","meta":{"_acf_changed":false,"_et_pb_use_builder":"on","_et_pb_old_content":"","_et_gb_content_width":"","two_page_speed":[],"footnotes":""},"dipi_cpt_category":[],"class_list":["post-18027522","page","type-page","status-publish","hentry"],"acf":[],"aioseo_notices":[],"_links":{"self":[{"href":"https:\/\/demogency.com\/en\/wp-json\/wp\/v2\/pages\/18027522","targetHints":{"allow":["GET"]}}],"collection":[{"href":"https:\/\/demogency.com\/en\/wp-json\/wp\/v2\/pages"}],"about":[{"href":"https:\/\/demogency.com\/en\/wp-json\/wp\/v2\/types\/page"}],"author":[{"embeddable":true,"href":"https:\/\/demogency.com\/en\/wp-json\/wp\/v2\/users\/1"}],"replies":[{"embeddable":true,"href":"https:\/\/demogency.com\/en\/wp-json\/wp\/v2\/comments?post=18027522"}],"version-history":[{"count":16,"href":"https:\/\/demogency.com\/en\/wp-json\/wp\/v2\/pages\/18027522\/revisions"}],"predecessor-version":[{"id":18028054,"href":"https:\/\/demogency.com\/en\/wp-json\/wp\/v2\/pages\/18027522\/revisions\/18028054"}],"wp:attachment":[{"href":"https:\/\/demogency.com\/en\/wp-json\/wp\/v2\/media?parent=18027522"}],"wp:term":[{"taxonomy":"dipi_cpt_category","embeddable":true,"href":"https:\/\/demogency.com\/en\/wp-json\/wp\/v2\/dipi_cpt_category?post=18027522"}],"curies":[{"name":"wp","href":"https:\/\/api.w.org\/{rel}","templated":true}]}}